{"id":122,"date":"2016-11-13T18:17:06","date_gmt":"2016-11-13T17:17:06","guid":{"rendered":"http:\/\/www.bildermeer.at\/?page_id=122"},"modified":"2016-11-15T22:28:13","modified_gmt":"2016-11-15T21:28:13","slug":"werke","status":"publish","type":"page","link":"http:\/\/www.schrabmayr.at\/bildermeer\/werke\/","title":{"rendered":"Werke"},"content":{"rendered":"<p>Alle Werke mit Wasserzeichen unterlegt.<\/p>\n<h2><strong>2000<\/strong><\/h2>\n<p><span style=\"text-decoration: underline;\">Werke:<\/span><\/p>\n<p>Landschaft 1<br \/>\nApfel-Birne<br \/>\nStilleben<br \/>\nAbendstimmung abstrakt<br \/>\nverschiedene Studien<br \/>\nStrelizien realistisch, abstrakt<br \/>\nFlamingobl\u00fcte<br \/>\nFr\u00fcchte<\/p>\n<p>Sommerakademie Zakynthos Acryl Malerei bei Martin Pohl<br \/>\nSpontane Malerei bei Josef Schweikhardt<\/p>\n<p><span style=\"text-decoration: underline;\">Werke:<\/span><\/p>\n<p>Impression Gr\u00fcner Planet<br \/>\nMeeresimpression 1<br \/>\nMeine Monet Tomaten<\/p>\n<h2><strong>2001<\/strong><\/h2>\n<p>Sommerakademie Zakynthos Acryl Malerei Martin Pohl \/ Martin Praska<\/p>\n<p><span style=\"text-decoration: underline;\">Werke:<\/span><\/p>\n<p>Meeresimpression 2<br \/>\nMeeresimpression 3<br \/>\nMeeresimpression 4<br \/>\nUnterwasserwelt<br \/>\nMalen mit Christine Stigma (Kulturbahnhof Litschau) mit Ausstellung:<\/p>\n<p><span style=\"text-decoration: underline;\">Werke:<\/span><\/p>\n<p>Vulkanausbruch<br \/>\nzahlreiche Skizzen (Wilder Wein, Bachlauf, &#8230;)<br \/>\n\u201eDoppelbild\u201c<\/p>\n<h2><strong>2002<\/strong><\/h2>\n<p>Sommerakademie Zakynthos<br \/>\nAquarell Malerei<\/p>\n<p><span style=\"text-decoration: underline;\">Werke:<\/span><\/p>\n<p>Meeresimpression<br \/>\nImpression Griechenland Sessel<br \/>\nImpression Griechenland Landschaft<\/p>\n<p>Schmuck Entwurf, Gestaltung und Fertigung mit Herbert Hanner<\/p>\n<h2><strong>2003<\/strong><\/h2>\n<p>Wochenendseminar Malerei mit Buntstiften<\/p>\n<p><span style=\"text-decoration: underline;\">Werk:<\/span><\/p>\n<p>Impression Br\u00fccke in Frankreich<br \/>\n<span style=\"text-decoration: underline;\">weitere Werke:<\/span><\/p>\n<p>Farbsymphonien 1, 1b, 2, 3<\/p>\n<h2><strong>2004<\/strong><\/h2>\n<p>eigenst\u00e4ndige Entwicklung (Einfl\u00fcsse von Vida Belancic u.a.)<\/p>\n<p><span style=\"text-decoration: underline;\">Werk:<\/span><\/p>\n<p>Komet<\/p>\n<h2><strong>2005<\/strong><\/h2>\n<p><span style=\"text-decoration: underline;\">Werke:<\/span><\/p>\n<p>Birken<br \/>\nFarbenmeer<br \/>\nWinterlandschaft<br \/>\nLandschaft<\/p>\n<h2><strong>2006<\/strong><\/h2>\n<p>Ausstellung im Cafe Kreuzberg (Bilder von 2000 &#8211; 2005)<\/p>\n<p><span style=\"text-decoration: underline;\">Werke:<\/span><\/p>\n<p>Farbspiele 1, 2<br \/>\nMeereswogen<br \/>\nKraft ohne Farbe 1<br \/>\nUnendliche Weite<br \/>\nKraft in Blau-Schwarz<\/p>\n<h2><strong>2007<\/strong><\/h2>\n<p>Ausstellung im Cafe Kreuzberg (Bilder von 2004 &#8211; 2006)<\/p>\n<p><span style=\"text-decoration: underline;\">Werke:<\/span><\/p>\n<p>Impression von New York<br \/>\nHimmelblau<br \/>\nKleine Wellen Doppelbild<br \/>\nWildes Pink<\/p>\n<h2><strong>2008<\/strong><\/h2>\n<p><span style=\"text-decoration: underline;\">Werke:<\/span><\/p>\n<p>Impressionen in Lila 1, 2, 3<\/p>\n","protected":false},"excerpt":{"rendered":"<p>Alle Werke mit Wasserzeichen unterlegt. 2000 Werke: Landschaft 1 Apfel-Birne Stilleben Abendstimmung abstrakt verschiedene Studien Strelizien realistisch, abstrakt Flamingobl\u00fcte Fr\u00fcchte Sommerakademie Zakynthos Acryl Malerei bei Martin Pohl Spontane Malerei bei Josef Schweikhardt Werke: Impression Gr\u00fcner Planet Meeresimpression 1 Meine Monet Tomaten 2001 Sommerakademie Zakynthos Acryl Malerei Martin Pohl \/ Martin Praska Werke: Meeresimpression 2 Meeresimpression &hellip; <a href=\"http:\/\/www.schrabmayr.at\/bildermeer\/werke\/\" class=\"more-link\"><span class=\"screen-reader-text\">Werke<\/span> weiterlesen <span class=\"meta-nav\">&rarr;<\/span><\/a><\/p>\n","protected":false},"author":1,"featured_media":0,"parent":0,"menu_order":0,"comment_status":"closed","ping_status":"closed","template":"","meta":{"footnotes":""},"class_list":["post-122","page","type-page","status-publish","hentry"],"_links":{"self":[{"href":"http:\/\/www.schrabmayr.at\/bildermeer\/wp-json\/wp\/v2\/pages\/122","targetHints":{"allow":["GET"]}}],"collection":[{"href":"http:\/\/www.schrabmayr.at\/bildermeer\/wp-json\/wp\/v2\/pages"}],"about":[{"href":"http:\/\/www.schrabmayr.at\/bildermeer\/wp-json\/wp\/v2\/types\/page"}],"author":[{"embeddable":true,"href":"http:\/\/www.schrabmayr.at\/bildermeer\/wp-json\/wp\/v2\/users\/1"}],"replies":[{"embeddable":true,"href":"http:\/\/www.schrabmayr.at\/bildermeer\/wp-json\/wp\/v2\/comments?post=122"}],"version-history":[{"count":7,"href":"http:\/\/www.schrabmayr.at\/bildermeer\/wp-json\/wp\/v2\/pages\/122\/revisions"}],"predecessor-version":[{"id":241,"href":"http:\/\/www.schrabmayr.at\/bildermeer\/wp-json\/wp\/v2\/pages\/122\/revisions\/241"}],"wp:attachment":[{"href":"http:\/\/www.schrabmayr.at\/bildermeer\/wp-json\/wp\/v2\/media?parent=122"}],"curies":[{"name":"wp","href":"https:\/\/api.w.org\/{rel}","templated":true}]}}